{"id":3,"date":"2020-02-18T15:48:29","date_gmt":"2020-02-18T15:48:29","guid":{"rendered":"http:\/\/www.ivreadesign.it\/?page_id=3"},"modified":"2020-03-30T12:39:37","modified_gmt":"2020-03-30T12:39:37","slug":"privacy-policy","status":"publish","type":"page","link":"https:\/\/www.ivreadesign.it\/it_it\/privacy-policy\/","title":{"rendered":"Privacy Policy"},"content":{"rendered":"\r\n<p><strong>DICHIARAZIONE PRIVACY<\/strong> <strong>INFORMATIVA PER IL TRATTAMENTO DEI DATI PERSONALI<\/strong><\/p>\r\n<p>MENTEFRESCA di Ettore Mario Bartoccetti, con sede legale in Via Roma, 32 &#8211; 10010 Banchette (TO), Tel. +39 3286639523 &#8211; Cod. Fiscale: BRTTRM62A19E379T &#8211; P.IVA: , nella persona di Ettore Mario Bartoccetti (in qualit\u00e0 di proprietario e gestore del sito \u201cwww.ivreadesign.com\u201d e di relativo titolare del trattamento), La informa ai sensi dell\u2019art. 13 D.Lgs. 30.6.2003 n. 196 (in seguito, \u201cCodice Privacy\u201d) e dell\u2019art. 13 Regolamento UE n. 2016\/679 (in seguito, \u201cGDPR\u201d) che i Suoi dati saranno trattati con le modalit\u00e0 e per le finalit\u00e0 seguenti:<\/p>\r\n<p><strong>1. Oggetto del Trattamento<\/strong> Il Titolare tratta i dati personali, identificativi (ad esempio, nome, cognome, ragione sociale, indirizzo, telefono, e-mail, riferimenti bancari e di pagamento) \u2013 in seguito, \u201cdati personali\u201d o anche \u201cdati\u201d) da Lei comunicati in occasione della conclusione di contratti per i servizi del Titolare.<\/p>\r\n<p><strong>2. Finalit\u00e0 del trattamento<\/strong> I Suoi dati personali sono trattati:<\/p>\r\n<p>A) senza il Suo consenso espresso (art. 24 lett. a), b), c) Codice Privacy e art. 6 lett. b), e) GDPR), per le seguenti Finalit\u00e0 di Servizio:<\/p>\r\n<ul>\r\n<li>concludere i contratti per i servizi del Titolare;<\/li>\r\n<li>adempiere agli obblighi precontrattuali, contrattuali e fiscali derivanti da rapporti con Lei in essere;<\/li>\r\n<li>adempiere agli obblighi previsti dalla legge, da un regolamento, dalla normativa comunitaria o da un ordine dell\u2019Autorit\u00e0 come ad esempio in materia di antiriciclaggio);<\/li>\r\n<li>esercitare i diritti del Titolare, ad esempio il diritto di difesa in giudizio;<\/li>\r\n<\/ul>\r\n<p>B) Solo previo Suo specifico e distinto consenso (artt. 23 e 130 Codice Privacy e art. 7 GDPR), per le seguenti Finalit\u00e0 di Marketing: inviarLe via e-mail, posta e\/o sms e\/o contatti telefonici, newsletter, comunicazioni commerciali e\/o materiale pubblicitario su eventi o servizi offerti dal Titolare e rilevazione del grado di soddisfazione sulla qualit\u00e0 dei servizi;<\/p>\r\n<p><strong>3. Modalit\u00e0 di trattamento<\/strong> Il trattamento dei Suoi dati personali \u00e8 realizzato per mezzo delle operazioni indicate all\u2019art. 4 Codice Privacy e all\u2019art. 4 n. 2) GDPR e precisamente: raccolta, registrazione, organizzazione, conservazione, consultazione, elaborazione, modificazione, selezione, estrazione, raffronto, utilizzo, interconnessione, blocco, comunicazione, cancellazione e distruzione dei dati. I Suoi dati personali sono sottoposti a trattamento sia cartaceo che elettronico e\/o automatizzato sempre nel rispetto della legge; il trattamento dei dati avverr\u00e0 in modo lecito e corretto e, comunque, in modo da garantire la sicurezza e la riservatezza dei dati stessi. Il Titolare tratter\u00e0 i dati personali per il tempo necessario per adempiere alle finalit\u00e0 di cui sopra e comunque per non oltre 10 anni dalla cessazione del rapporto per le Finalit\u00e0 di Servizio e per non oltre 2 anni dalla raccolta dei dati per le Finalit\u00e0 di Marketing.<\/p>\r\n<p><strong>4. Accesso ai dati<\/strong> I Suoi dati potranno essere resi accessibili per le finalit\u00e0 di cui all\u2019art. 2.A) e 2.B) a eventuali dipendenti e collaboratori del Titolare, nella loro qualit\u00e0 di incaricati e\/o responsabili interni del trattamento e\/o amministratori di sistema;<\/p>\r\n<p><strong>5. Comunicazione dei dati<\/strong> Senza la necessit\u00e0 di un espresso consenso (ex art. 24 lett. a), b), d) Codice Privacy e art. 6 lett. b) e c) GDPR), il Titolare potr\u00e0 comunicare i Suoi dati per le finalit\u00e0 di cui all\u2019art. 2.A) a incaricati al trattamento della nostra organizzazione, a soggetti professionali esterni (commercialista, avvocato, ecc.) e, per quanto di loro rispettiva e specifica competenza, ad Enti, a Organi di vigilanza, Autorit\u00e0 giudiziarie, nonch\u00e9 a quei soggetti ai quali la comunicazione sia obbligatoria per legge per l\u2019espletamento delle finalit\u00e0 dette. Detti soggetti tratteranno i dati nella loro qualit\u00e0 di autonomi titolari del trattamento. I Suoi dati non saranno diffusi.<\/p>\r\n<p><strong>6. Trasferimento dati<\/strong> I dati personali sono conservati su server ubicati in Italia, all\u2019interno dell\u2019Unione Europea. Resta in ogni caso inteso che il Titolare, ove si rendesse necessario, avr\u00e0 facolt\u00e0 di spostare i server anche extra-UE. In tal caso, il Titolare assicura sin d\u2019ora che il trasferimento dei dati extra-UE avverr\u00e0 in conformit\u00e0 alle disposizioni di legge applicabili, previa stipula delle clausole contrattuali standard previste dalla Commissione Europea.<\/p>\r\n<p><strong>7. Natura del conferimento dei dati e conseguenze del rifiuto di rispondere<\/strong> Il conferimento dei dati per le finalit\u00e0 di cui all\u2019art. 2.A) \u00e8 obbligatorio. In loro assenza, non potremo garantirLe i Servizi dell\u2019art. 2.A). Il conferimento dei dati per le finalit\u00e0 di cui all\u2019art. 2.B) \u00e8 invece facoltativo. Pu\u00f2 quindi decidere di non conferire alcun dato o di negare successivamente la possibilit\u00e0 di trattare dati gi\u00e0 forniti: in tal caso, non potr\u00e0 ricevere newsletter, comunicazioni commerciali e materiale pubblicitario inerenti ai Servizi offerti dal Titolare. Continuer\u00e0 comunque ad avere diritto ai Servizi di cui all\u2019art. 2.A).<\/p>\r\n<p><strong>8. Diritti dell\u2019interessato<\/strong> Nella Sua qualit\u00e0 di interessato, ha i diritti di cui all\u2019art. 7 Codice Privacy e art. 15 GDPR e precisamente i diritti di:<\/p>\r\n<ul>\r\n<li>ottenere la conferma dell&#8217;esistenza o meno di dati personali che La riguardano, anche se non ancora registrati, e la loro comunicazione in forma intelligibile;<\/li>\r\n<li>ottenere l&#8217;indicazione: a) dell&#8217;origine dei dati personali; b) delle finalit\u00e0 e modalit\u00e0 del trattamento; c) della logica applicata in caso di trattamento effettuato con l&#8217;ausilio di strumenti elettronici; d) degli estremi identificativi del titolare, dei responsabili e del rappresentante designato ai sensi dell&#8217;art. 5, comma 2 Codice Privacy e art. 3, comma 1, GDPR; e) dei soggetti o delle categorie di soggetti ai quali i dati personali possono essere comunicati o che possono venirne a conoscenza in qualit\u00e0 di rappresentante designato nel territorio dello Stato, di responsabili o incaricati;<\/li>\r\n<li>ottenere: a) l&#8217;aggiornamento, la rettificazione ovvero, quando vi ha interesse, l&#8217;integrazione dei dati; b) la cancellazione, la trasformazione in forma anonima o il blocco dei dati trattati in violazione di legge, compresi quelli di cui non \u00e8 necessaria la conservazione in relazione agli scopi per i quali i dati sono stati raccolti o successivamente trattati; c) l&#8217;attestazione che le operazioni di cui alle lettere a) e b) sono state portate a conoscenza, anche per quanto riguarda il loro contenuto, di coloro ai quali i dati sono stati comunicati o diffusi, eccettuato il caso in cui tale adempimento si rivela impossibile o comporta un impiego di mezzi manifestamente sproporzionato rispetto al diritto tutelato;<\/li>\r\n<li>opporsi, in tutto o in parte: a) per motivi legittimi al trattamento dei dati personali che La riguardano, ancorch\u00e9 pertinenti allo scopo della raccolta; b) al trattamento di dati personali che La riguardano a fini di invio di materiale pubblicitario o di comunicazione eventi, mediante l\u2019uso di sistemi automatizzati di chiamata senza l\u2019intervento di un operatore mediante e-mail e\/o mediante modalit\u00e0 di marketing tradizionali mediante telefono e\/o posta cartacea. Si fa presente che il diritto di opposizione dell\u2019interessato, esposto al precedente punto b), per finalit\u00e0 di marketing diretto mediante modalit\u00e0 automatizzate si estende a quelle tradizionali e che comunque resta salva la possibilit\u00e0 per l\u2019interessato di esercitare il diritto di opposizione anche solo in parte. Pertanto, l\u2019interessato pu\u00f2 decidere di ricevere solo comunicazioni mediante modalit\u00e0 tradizionali ovvero solo comunicazioni automatizzate oppure nessuna delle due tipologie di comunicazione. Ove applicabili, ha altres\u00ec i diritti di cui agli artt. 16-21 GDPR (Diritto di rettifica, diritto all\u2019oblio, diritto di limitazione di trattamento, diritto alla portabilit\u00e0 dei dati, diritto di opposizione), nonch\u00e9 il diritto di reclamo all\u2019Autorit\u00e0 Garante.<\/li>\r\n<\/ul>\r\n<p><strong>9. Modalit\u00e0 di esercizio dei diritti<\/strong> Potr\u00e0 in qualsiasi momento esercitare i diritti inviando:<\/p>\r\n<ul>\r\n<li>una raccomandata a.r. all\u2019indirizzo postale: MENTEFRESCA di Ettore Mario Bartoccetti \/ Via Roma 32 \u2013 10010 \u2013 Banchette (TO);<\/li>\r\n<li>una e-mail a uno dei seguenti indirizzi di posta elettronica: staff@mentefresca.it \/ ettore.bartoccetti@pec.it 10. Titolare, responsabile e incaricati<\/li>\r\n<\/ul>\r\n<p>Il Titolare del trattamento \u00e8 MENTEFRESCA di Ettore Mario Bartoccetti \/ Via Roma 32 \u2013 10010 \u2013 Banchette (TO), nella persona di Ettore Mario Bartoccetti. L\u2019elenco aggiornato dei responsabili e degli incaricati al trattamento \u00e8 custodito presso la sede legale del Titolare del trattamento. Per ulteriori informazioni, inviare un\u2019e-mail al Titolare all\u2019indirizzo a uno dei seguenti indirizzi di posta elettronica: staff@mentefresca.it \/ ettore.bartoccetti@pec.it<\/p>\r\n<p><strong>11. Gestore del sito web<\/strong> Il gestore del sito https:\/\/www.ivreadesign.com \u00e8 Ettore Mario Bartoccetti, nato a Ivrea (TO) il 19 gennaio 1962 e residente in Via Roma 32 \u2013 10010 \u2013 Banchette (TO). E-mail: staff@mentefresca.it \u2013 Tel. +39 3286639523<\/p>\r\n<p><strong>12. Google maps<\/strong> Sul sito sono integrate le schermate di google maps che consentono di visualizzare eventualmente la localizzazione geografica delle singole aziende partner. Per informazioni sul trattamento dei dati personali da parte di Google puoi consultare: https:\/\/policies.google.com\/privacy?hl=it<\/p>\r\n<p><strong>13. Pulsanti di condivisione sui social<\/strong> Sul sito possono essere attivi i pulsanti di condivisione sui social relativi a facebook, twitter e Instagram; per informazioni relative alle rispettive privacy policy potete consultare le seguenti pagine: https:\/\/www.facebook.com\/privacy\/explanation https:\/\/twitter.com\/it\/privacy https:\/\/help.instagram.com\/519522125107875<\/p>\r\n<p><strong>14. Siti web e servizi di terze parti<\/strong> Il sito https:\/\/www.ivreadesign.com pu\u00f2 contenere collegamenti ad altri siti Web che dispongono di una propria informativa sulla privacy che pu\u00f2 essere diversa da quella qui presente; il Titolare non risponde in alcun modo delle modalit\u00e0 di trattamento dei dati attive su tali siti. Dichiarazione aggiornata al 23\/06\/2019, dal titolare del trattamento.<\/p>\r\n<p><strong>COOKIES POLICY<\/strong> I cookies sono dei piccoli file di testo che vengono generati da uno script del sito web, salvati sul computer del visitatore ed utilizzati per far comunicare il browser con il server ogni volta che viene caricata una pagina del sito. In questi file vengono memorizzate informazioni di vario tipo, utili ad esempio, per evitare all\u2019utente di eseguire operazioni ripetitive. A termini di legge possiamo memorizzare i cookie sul tuo dispositivo se sono strettamente necessari per il funzionamento di questo sito; per tutti gli altri tipi di cookie ci serve il tuo permesso. I cookie sono trattati come dati personali non possono essere tracciati o usati senza che l\u2019utente abbia dato il consenso esplicito. Gli utenti del sito devono essere informati su chi riceve i loro dati, su come vengono utilizzati e sulla data di scadenza dei cookie. La revoca del consenso deve essere facile da fare, anche in un secondo momento. La sezione \u201cCookie Policy\u201d del sito (alla quale si rimanda espressamente) contiene la descrizione (nome, scopo, scadenza) dei cookie attivi sul sito, e offre all\u2019utente la possibilit\u00e0 di disabilitarli. (https:\/\/www.ivreadesign.com\/cookiespolicy )<\/p>\r\n<p>Il tuo consenso si applica esclusivamente al sito web: https:\/\/www.ivreadesign.com<\/p>\r\n<p><strong>TIPOLOGIE DI COOKIE UTILIZZATI<\/strong> Cookie di categoria \u201cNecessario\u201d I cookie necessari aiutano a contribuire a rendere fruibile un sito web abilitando le funzioni di base come la navigazione della pagina e l&#8217;accesso alle aree protette del sito.<\/p>\r\n<p>Il sito web non pu\u00f2 funzionare correttamente senza questi cookie.<\/p>\r\n<ul>\r\n<li>Cookie di categoria \u201cFunzionale\u201d I cookie funzionali registrano informazioni riguardanti le scelte che avete fatto, e pertanto ci consentono di personalizzare il sito web a seconda delle vostre necessit\u00e0. Vengono utilizzati per fornire servizi o per ricordare le impostazioni per migliorare la tua visita e l&#8217;esperienza di navigazione nel sito.<\/li>\r\n<li>Cookie di categoria \u201cStatistiche\u201d I cookie statistici aiutano i proprietari del sito web a capire come i visitatori interagiscono con i siti raccogliendo e trasmettendo informazioni in forma anonima.<\/li>\r\n<li>Cookie di categoria \u201cMarketing\u201d I cookie per il marketing vengono utilizzati per monitorare i visitatori nei siti web. L&#8217;intento \u00e8 quello di visualizzare annunci pertinenti e coinvolgenti per il singolo utente e quindi quelli di maggior valore per gli editori e gli inserzionisti terzi.<\/li>\r\n<li>Questo sito utilizza inoltre Google Analytics, un servizio di analisi web sempre fornito da Google. Le informazioni generate dai cookies di Analytics sull\u2019utilizzo del sito da parte vostra (browser utilizzato, pagine viste e altro) sono anonime e sono utilizzate esclusivamente per consentirci di analizzare come gli utenti utilizzano il sito. Per il modo in cui Google utilizza i cookies si rimanda ai seguenti link: https:\/\/www.google.com\/policies\/technologies\/cookies\/ Norme sulla Privacy di Google: https:\/\/www.google.it\/intl\/it\/policies\/privacy\/ Disabilitazione dei cookies dai browser di navigazione I cookies possono inoltre essere disabilitati direttamente dai browser di navigazione, con le seguenti modalit\u00e0 Se si utilizza Internet Explorer: In Internet Explorer, fare clic su \u201cStrumenti\u201d poi \u201cOpzioni Internet\u201d. Nella scheda Privacy, spostare il cursore verso l\u2019alto per bloccare tutti i cookie o verso il basso per consentire a tutti i cookie, e quindi fare clic su OK. Se si utilizza il browser Firefox: Vai al menu \u201cStrumenti\u201d del browser e selezionare il menu \u201cOpzioni\u201d Fare clic sulla scheda \u201cPrivacy\u201d, deselezionare la casella \u201cAccetta cookie\u201d e fare clic su OK. Se si utilizza il browser Safari: In Browser della votazione, selezionare il menu \u201cModifica\u201d e selezionare \u201cPreferences\u201d. Clicca su \u201cPrivacy\u201d. Posizionare l\u2019impostazione \u201ccookies Block\u201d sempre \u201ce fare clic su OK. Se si utilizza il browser Google Chrome: Fai clic sul menu Chrome nella barra degli strumenti del browser. Selezionare \u201cImpostazioni\u201d. Fare clic su \u201cMostra impostazioni avanzate\u201d. Nella sezione \u201cPrivacy\u201d, fai clic sul pulsante \u201cImpostazioni contenuti\u201d. Nella sezione \u201cCookies\u201d, selezionare \u201cNon consentire ai siti per memorizzare i dati\u201d e di controllo \u201ccookie di blocco e di terze parti i dati sito\u201d, e quindi fare clic su OK. Se usi un qualsiasi altro browser, cerca nelle Impostazioni del browser la modalit\u00e0 di gestione dei cookies. Note importanti sul trattamento dei dati e Google Analytics Questo sito usa Google Analytics, uno strumento di analisi dati fornito da Google Ireland Limited. Se il responsabile del trattamento dei dati su questo sito risiede nello Spazio Economico Europeo o in Svizzera, il trattamento dei dati di Google Analytics viene effettuato da Google LLC. Google LLC e Google Ireland Limited, di seguito indicate come &#8220;Google&#8221;. Google Analytics utilizza i cosiddetti \u201cCookie\u201d, file di testo che vengono salvati sul computer del visitatore al fine di analizzare il suo comportamento su questo sito. Le informazioni raccolte attraverso i cookie, compreso l\u2019indirizzo IP del visitatore di questo sito, vengono di regola trasmesse ai server di Google e ivi archiviate. Questo sito impiega Google Analytics con l\u2019estensione &#8220;_anonymizeIp()&#8221;. Tale estensione consente un\u2019anonimizzazione dell\u2019indirizzo IP mediante troncamento e impedisce l\u2019identificazione del visitatore. Normalmente l\u2019anonimizzazione dell\u2019indirizzo IP avviene all\u2019interno degli Stati membri dell\u2019Unione europea o degli Stati che hanno sottoscritto l\u2019accordo sullo Spazio Economico Europeo. Solo in casi eccezionali, l\u2019indirizzo IP completo viene trasmesso al server di Google negli Stati Uniti e, una volta l\u00ec, accorciato. L\u2019indirizzo IP trasmesso dal browser nell\u2019ambito dell\u2019attivit\u00e0 svolta da Google Analytics non viene incrociato con altri dati raccolti da Google. Per conto del soggetto che gestisce il sito web, Google utilizzer\u00e0 le informazioni raccolte per valutare l\u2019uso del sito da parte dei visitatori, per presentare rapporti sulle azioni condotte sul sito e per fornire al gestore del sito dei servizi connessi all\u2019uso del sito web o di Internet (Art.6, paragrafo 1, lettera f RGPD). L\u2019interesse legittimo all\u2019elaborazione dei dati risiede nell\u2019ottimizzazione del sito web, l\u2019analisi dell\u2019uso che ne fanno i visitatori e l\u2019adattamento dei contenuti. Il diritto alla privacy dei visitatori viene garantito adeguatamente attraverso la pseudonimizzazione. Google LLC ha ottenuto la certificazione di conformit\u00e0 allo Scudo per la privacy (Privacy Shield) e pertanto garantisce il rispetto degli standard di protezione dei dati personali. I dati inviati e associati ai cookie, identificatori utente (ad es. ID utente) o identificatori pubblicitari vengono eliminati automaticamente dopo 50 mesi. L\u2019eliminazione dei dati che hanno raggiunto la scadenza del periodo di conservazione avviene automaticamente una volta al mese. La raccolta dati da parte di Google Analytics pu\u00f2 andare incontro a delle limitazioni se il visitatore del sito modifica le impostazioni dei cookie. Il rilevamento e l\u2019archiviazione dell\u2019indirizzo IP possono essere revocati in qualsiasi momento senza effetto retroattivo. Il componente aggiuntivo (plugin) del browser per la disattivazione di Google Analytics pu\u00f2 essere scaricato, e poi installato, cliccando su questo link: https:\/\/tools.google.com\/dlpage\/gaoptout Il visitatore della pagina pu\u00f2 impedire la raccolta di dati da parte di Google Analytics cliccando qui. Un cookie &#8220;opt-out&#8221; sar\u00e0 applicato al tuo sito e preverr\u00e0 la raccolta di dati sulle visite a questo site. Ulteriori informazioni sull\u2019elaborazione dei dati da parte di Google, le opzioni di configurazione e disattivazione del servizio si trovano nella Dichiarazione sulla privacy di Google e nelle Modalit\u00e0 di personalizzazione degli annunci pubblicitari su Google. \u00a0<\/li>\r\n<\/ul>","protected":false},"excerpt":{"rendered":"<p>DICHIARAZIONE PRIVACY INFORMATIVA PER IL TRATTAMENTO DEI DATI PERSONALI MENTEFRESCA di Ettore Mario Bartoccetti, con sede legale in Via Roma, 32 &#8211; 10010 Banchette (TO), Tel. +39 3286639523 &#8211; Cod. Fiscale: BRTTRM62A19E379T &#8211; P.IVA: , nella persona di Ettore Mario Bartoccetti (in qualit\u00e0 di proprietario e gestore del sito \u201cwww.ivreadesign.com\u201d e di relativo titolare del [&hellip;]<\/p>\n","protected":false},"author":1,"featured_media":0,"parent":0,"menu_order":0,"comment_status":"closed","ping_status":"open","template":"","meta":{"footnotes":""},"class_list":["post-3","page","type-page","status-publish","hentry"],"_links":{"self":[{"href":"https:\/\/www.ivreadesign.it\/it_it\/wp-json\/wp\/v2\/pages\/3","targetHints":{"allow":["GET"]}}],"collection":[{"href":"https:\/\/www.ivreadesign.it\/it_it\/wp-json\/wp\/v2\/pages"}],"about":[{"href":"https:\/\/www.ivreadesign.it\/it_it\/wp-json\/wp\/v2\/types\/page"}],"author":[{"embeddable":true,"href":"https:\/\/www.ivreadesign.it\/it_it\/wp-json\/wp\/v2\/users\/1"}],"replies":[{"embeddable":true,"href":"https:\/\/www.ivreadesign.it\/it_it\/wp-json\/wp\/v2\/comments?post=3"}],"version-history":[{"count":4,"href":"https:\/\/www.ivreadesign.it\/it_it\/wp-json\/wp\/v2\/pages\/3\/revisions"}],"predecessor-version":[{"id":1227,"href":"https:\/\/www.ivreadesign.it\/it_it\/wp-json\/wp\/v2\/pages\/3\/revisions\/1227"}],"wp:attachment":[{"href":"https:\/\/www.ivreadesign.it\/it_it\/wp-json\/wp\/v2\/media?parent=3"}],"curies":[{"name":"wp","href":"https:\/\/api.w.org\/{rel}","templated":true}]}}